{"id":22,"date":"2022-08-10T12:29:11","date_gmt":"2022-08-10T17:29:11","guid":{"rendered":"https:\/\/gsago.mx\/?page_id=22"},"modified":"2022-09-03T13:11:00","modified_gmt":"2022-09-03T18:11:00","slug":"inicio","status":"publish","type":"page","link":"https:\/\/gsago.mx\/en\/","title":{"rendered":"Home"},"content":{"rendered":"<div data-elementor-type=\"wp-page\" data-elementor-id=\"22\" class=\"elementor elementor-22\" data-elementor-post-type=\"page\">\n\t\t\t\t\t\t<section class=\"elementor-section elementor-top-section elementor-element elementor-element-25aaff2 ct-section-stretched elementor-section-full_width elementor-section-height-default elementor-section-height-default\" data-id=\"25aaff2\" data-element_type=\"section\">\n\t\t\t\t\t\t<div class=\"elementor-container elementor-column-gap-default\">\n\t\t\t\t\t<div class=\"elementor-column elementor-col-100 elementor-top-column elementor-element elementor-element-deafc13\" data-id=\"deafc13\" data-element_type=\"column\">\n\t\t\t<div class=\"elementor-widget-wrap elementor-element-populated\">\n\t\t\t\t\t\t<div class=\"elementor-element elementor-element-5766fff elementor-widget elementor-widget-heading\" data-id=\"5766fff\" data-element_type=\"widget\" data-widget_type=\"heading.default\">\n\t\t\t\t<div class=\"elementor-widget-container\">\n\t\t\t\t\t<h1 class=\"elementor-heading-title elementor-size-default\">Grupo Sago<\/h1>\t\t\t\t<\/div>\n\t\t\t\t<\/div>\n\t\t\t\t<div class=\"elementor-element elementor-element-61d469c elementor--h-position-center elementor-arrows-position-inside elementor-pagination-position-inside elementor-widget elementor-widget-slides\" data-id=\"61d469c\" data-element_type=\"widget\" data-settings=\"{&quot;transition_speed&quot;:1000,&quot;navigation&quot;:&quot;both&quot;,&quot;infinite&quot;:&quot;yes&quot;,&quot;transition&quot;:&quot;slide&quot;}\" data-widget_type=\"slides.default\">\n\t\t\t\t<div class=\"elementor-widget-container\">\n\t\t\t\t\t\t\t\t\t<div class=\"elementor-swiper\">\n\t\t\t\t\t<div class=\"elementor-slides-wrapper elementor-main-swiper swiper\" role=\"region\" aria-roledescription=\"carousel\" aria-label=\"Slides\" dir=\"ltr\" data-animation=\"\">\n\t\t\t\t<div class=\"swiper-wrapper elementor-slides\">\n\t\t\t\t\t\t\t\t\t\t<div class=\"elementor-repeater-item-15501c5 swiper-slide\" role=\"group\" aria-roledescription=\"slide\"><div class=\"swiper-slide-bg\" role=\"img\"><\/div><div class=\"swiper-slide-inner\" ><div class=\"swiper-slide-contents\"><div class=\"elementor-slide-heading\"><img decoding=\"async\" src=\"\/wp-content\/uploads\/2022\/08\/white-logo.png\" id=\"slider-logo\" alt=\"Logo Grupo Sago\"><\/div><div class=\"elementor-slide-description\">We are dedicated to the Customs Services of excellence and at the forefront, with more than 40 years of experience that support us in Foreign Trade.<\/div><\/div><\/div><\/div><div class=\"elementor-repeater-item-27477aa swiper-slide\" role=\"group\" aria-roledescription=\"slide\"><div class=\"swiper-slide-bg\" role=\"img\"><\/div><div class=\"swiper-slide-inner\" ><div class=\"swiper-slide-contents\"><div class=\"elementor-slide-heading\"><img decoding=\"async\" src=\"\/wp-content\/uploads\/2022\/08\/cobertura-nacional.png\" id=\"slider-map\" alt=\"Cobertura Grupo Sago\"><\/div><\/div><\/div><\/div><div class=\"elementor-repeater-item-5054a2c swiper-slide\" role=\"group\" aria-roledescription=\"slide\"><div class=\"swiper-slide-bg\" role=\"img\"><\/div><div class=\"swiper-slide-inner\" ><div class=\"swiper-slide-contents\"><div class=\"elementor-slide-description\"><h2>Learn more about us<\/h2>\n<svg width=\"90%\" height=\"4\" viewbox=\"0 0 600 4\" fill=\"none\" xmlns=\"http:\/\/www.w3.org\/2000\/svg\">\n<path d=\"M265.508 0H0V4H265.508L600 3.5V1L265.508 0Z\" fill=\"#70B62E\"\/>\n<\/svg>\n<p>Click here to learn more about our services<p>\n<a class=\"elementor-button-link elementor-button elementor-size-sm\" href=\"\/en\/nosotros\/\">More Information<\/a>\n<img decoding=\"async\" src=\"\/wp-content\/uploads\/2022\/08\/sago-building.png\" id=\"slider-building\" alt=\"Edificio Grupo Sago\"\/><\/div><\/div><\/div><\/div>\t\t\t\t<\/div>\n\t\t\t\t\t\t\t\t\t\t\t\t\t\t\t<div class=\"elementor-swiper-button elementor-swiper-button-prev\" role=\"button\" tabindex=\"0\" aria-label=\"Previous slide\">\n\t\t\t\t\t\t\t<i aria-hidden=\"true\" class=\"eicon-chevron-left\"><\/i>\t\t\t\t\t\t<\/div>\n\t\t\t\t\t\t<div class=\"elementor-swiper-button elementor-swiper-button-next\" role=\"button\" tabindex=\"0\" aria-label=\"Next slide\">\n\t\t\t\t\t\t\t<i aria-hidden=\"true\" class=\"eicon-chevron-right\"><\/i>\t\t\t\t\t\t<\/div>\n\t\t\t\t\t\t\t\t\t\t\t\t\t\t\t\t<div class=\"swiper-pagination\"><\/div>\n\t\t\t\t\t\t\t\t\t\t\t\t<\/div>\n\t\t\t\t<\/div>\n\t\t\t\t\t\t\t\t<\/div>\n\t\t\t\t<\/div>\n\t\t\t\t\t<\/div>\n\t\t<\/div>\n\t\t\t\t\t<\/div>\n\t\t<\/section>\n\t\t\t\t<\/div>","protected":false},"excerpt":{"rendered":"<p>Grupo Sago Nos dedicamos a los Servicios Aduanales de excelencia y a la vanguardia, con m\u00e1s de 40 a\u00f1os de experiencia que nos respaldan en Comercio Exterior. Conoce m\u00e1s sobre nosotros Haz clic aqu\u00ed para conocer m\u00e1s sobre nuestros servicios M\u00e1s Informaci\u00f3n Anterior Siguiente<\/p>","protected":false},"author":1,"featured_media":981,"parent":0,"menu_order":1,"comment_status":"closed","ping_status":"closed","template":"","meta":{"footnotes":""},"class_list":["post-22","page","type-page","status-publish","has-post-thumbnail","hentry"],"blocksy_meta":{"styles_descriptor":{"styles":{"desktop":"","tablet":"","mobile":""},"google_fonts":[],"version":6}},"yoast_head":"<!-- This site is optimized with the Yoast SEO plugin v24.4 - https:\/\/yoast.com\/wordpress\/plugins\/seo\/ -->\n<title>Inicio - Grupo Sago<\/title>\n<meta name=\"description\" content=\"Empresa mexicana dedicada a los Servicios Aduanales y de Log\u00edstica en comercio exterior. Con m\u00e1s de 40 a\u00f1os de experiencia que nos respaldan.\" \/>\n<meta name=\"robots\" content=\"index, follow, max-snippet:-1, max-image-preview:large, max-video-preview:-1\" \/>\n<link rel=\"canonical\" href=\"https:\/\/gsago.mx\/en\/\" \/>\n<meta property=\"og:locale\" content=\"en_US\" \/>\n<meta property=\"og:type\" content=\"article\" \/>\n<meta property=\"og:title\" content=\"Inicio - Grupo Sago\" \/>\n<meta property=\"og:description\" content=\"Empresa mexicana dedicada a los Servicios Aduanales y de Log\u00edstica en comercio exterior. Con m\u00e1s de 40 a\u00f1os de experiencia que nos respaldan.\" \/>\n<meta property=\"og:url\" content=\"https:\/\/gsago.mx\/en\/\" \/>\n<meta property=\"og:site_name\" content=\"Grupo Sago\" \/>\n<meta property=\"article:modified_time\" content=\"2022-09-03T18:11:00+00:00\" \/>\n<meta property=\"og:image\" content=\"https:\/\/gsago.mx\/wp-content\/uploads\/2022\/08\/feautured.png\" \/>\n\t<meta property=\"og:image:width\" content=\"1200\" \/>\n\t<meta property=\"og:image:height\" content=\"1200\" \/>\n\t<meta property=\"og:image:type\" content=\"image\/png\" \/>\n<meta name=\"twitter:card\" content=\"summary_large_image\" \/>\n<meta name=\"twitter:label1\" content=\"Est. reading time\" \/>\n\t<meta name=\"twitter:data1\" content=\"3 minutes\" \/>\n<script type=\"application\/ld+json\" class=\"yoast-schema-graph\">{\"@context\":\"https:\/\/schema.org\",\"@graph\":[{\"@type\":\"WebPage\",\"@id\":\"https:\/\/gsago.mx\/\",\"url\":\"https:\/\/gsago.mx\/\",\"name\":\"Inicio - Grupo Sago\",\"isPartOf\":{\"@id\":\"https:\/\/gsago.mx\/#website\"},\"primaryImageOfPage\":{\"@id\":\"https:\/\/gsago.mx\/#primaryimage\"},\"image\":{\"@id\":\"https:\/\/gsago.mx\/#primaryimage\"},\"thumbnailUrl\":\"https:\/\/gsago.mx\/wp-content\/uploads\/2022\/08\/feautured.png\",\"datePublished\":\"2022-08-10T17:29:11+00:00\",\"dateModified\":\"2022-09-03T18:11:00+00:00\",\"description\":\"Empresa mexicana dedicada a los Servicios Aduanales y de Log\u00edstica en comercio exterior. Con m\u00e1s de 40 a\u00f1os de experiencia que nos respaldan.\",\"breadcrumb\":{\"@id\":\"https:\/\/gsago.mx\/#breadcrumb\"},\"inLanguage\":\"en-US\",\"potentialAction\":[{\"@type\":\"ReadAction\",\"target\":[\"https:\/\/gsago.mx\/\"]}]},{\"@type\":\"ImageObject\",\"inLanguage\":\"en-US\",\"@id\":\"https:\/\/gsago.mx\/#primaryimage\",\"url\":\"https:\/\/gsago.mx\/wp-content\/uploads\/2022\/08\/feautured.png\",\"contentUrl\":\"https:\/\/gsago.mx\/wp-content\/uploads\/2022\/08\/feautured.png\",\"width\":1200,\"height\":1200,\"caption\":\"Portada Grupo Sago\"},{\"@type\":\"BreadcrumbList\",\"@id\":\"https:\/\/gsago.mx\/#breadcrumb\",\"itemListElement\":[{\"@type\":\"ListItem\",\"position\":1,\"name\":\"Portada\",\"item\":\"https:\/\/gsago.mx\/\"},{\"@type\":\"ListItem\",\"position\":2,\"name\":\"Inicio\"}]},{\"@type\":\"WebSite\",\"@id\":\"https:\/\/gsago.mx\/#website\",\"url\":\"https:\/\/gsago.mx\/\",\"name\":\"Grupo Sago\",\"description\":\"\",\"publisher\":{\"@id\":\"https:\/\/gsago.mx\/#organization\"},\"potentialAction\":[{\"@type\":\"SearchAction\",\"target\":{\"@type\":\"EntryPoint\",\"urlTemplate\":\"https:\/\/gsago.mx\/?s={search_term_string}\"},\"query-input\":{\"@type\":\"PropertyValueSpecification\",\"valueRequired\":true,\"valueName\":\"search_term_string\"}}],\"inLanguage\":\"en-US\"},{\"@type\":\"Organization\",\"@id\":\"https:\/\/gsago.mx\/#organization\",\"name\":\"Grupo Sago\",\"url\":\"https:\/\/gsago.mx\/\",\"logo\":{\"@type\":\"ImageObject\",\"inLanguage\":\"en-US\",\"@id\":\"https:\/\/gsago.mx\/#\/schema\/logo\/image\/\",\"url\":\"https:\/\/gsago.mx\/wp-content\/uploads\/2022\/08\/logo-black.png\",\"contentUrl\":\"https:\/\/gsago.mx\/wp-content\/uploads\/2022\/08\/logo-black.png\",\"width\":500,\"height\":240,\"caption\":\"Grupo Sago\"},\"image\":{\"@id\":\"https:\/\/gsago.mx\/#\/schema\/logo\/image\/\"}}]}<\/script>\n<!-- \/ Yoast SEO plugin. -->","yoast_head_json":{"title":"Inicio - Grupo Sago","description":"Empresa mexicana dedicada a los Servicios Aduanales y de Log\u00edstica en comercio exterior. Con m\u00e1s de 40 a\u00f1os de experiencia que nos respaldan.","robots":{"index":"index","follow":"follow","max-snippet":"max-snippet:-1","max-image-preview":"max-image-preview:large","max-video-preview":"max-video-preview:-1"},"canonical":"https:\/\/gsago.mx\/en\/","og_locale":"en_US","og_type":"article","og_title":"Inicio - Grupo Sago","og_description":"Empresa mexicana dedicada a los Servicios Aduanales y de Log\u00edstica en comercio exterior. Con m\u00e1s de 40 a\u00f1os de experiencia que nos respaldan.","og_url":"https:\/\/gsago.mx\/en\/","og_site_name":"Grupo Sago","article_modified_time":"2022-09-03T18:11:00+00:00","og_image":[{"width":1200,"height":1200,"url":"https:\/\/gsago.mx\/wp-content\/uploads\/2022\/08\/feautured.png","type":"image\/png"}],"twitter_card":"summary_large_image","twitter_misc":{"Est. reading time":"3 minutes"},"schema":{"@context":"https:\/\/schema.org","@graph":[{"@type":"WebPage","@id":"https:\/\/gsago.mx\/","url":"https:\/\/gsago.mx\/","name":"Inicio - Grupo Sago","isPartOf":{"@id":"https:\/\/gsago.mx\/#website"},"primaryImageOfPage":{"@id":"https:\/\/gsago.mx\/#primaryimage"},"image":{"@id":"https:\/\/gsago.mx\/#primaryimage"},"thumbnailUrl":"https:\/\/gsago.mx\/wp-content\/uploads\/2022\/08\/feautured.png","datePublished":"2022-08-10T17:29:11+00:00","dateModified":"2022-09-03T18:11:00+00:00","description":"Empresa mexicana dedicada a los Servicios Aduanales y de Log\u00edstica en comercio exterior. Con m\u00e1s de 40 a\u00f1os de experiencia que nos respaldan.","breadcrumb":{"@id":"https:\/\/gsago.mx\/#breadcrumb"},"inLanguage":"en-US","potentialAction":[{"@type":"ReadAction","target":["https:\/\/gsago.mx\/"]}]},{"@type":"ImageObject","inLanguage":"en-US","@id":"https:\/\/gsago.mx\/#primaryimage","url":"https:\/\/gsago.mx\/wp-content\/uploads\/2022\/08\/feautured.png","contentUrl":"https:\/\/gsago.mx\/wp-content\/uploads\/2022\/08\/feautured.png","width":1200,"height":1200,"caption":"Portada Grupo Sago"},{"@type":"BreadcrumbList","@id":"https:\/\/gsago.mx\/#breadcrumb","itemListElement":[{"@type":"ListItem","position":1,"name":"Portada","item":"https:\/\/gsago.mx\/"},{"@type":"ListItem","position":2,"name":"Inicio"}]},{"@type":"WebSite","@id":"https:\/\/gsago.mx\/#website","url":"https:\/\/gsago.mx\/","name":"Grupo Sago","description":"","publisher":{"@id":"https:\/\/gsago.mx\/#organization"},"potentialAction":[{"@type":"SearchAction","target":{"@type":"EntryPoint","urlTemplate":"https:\/\/gsago.mx\/?s={search_term_string}"},"query-input":{"@type":"PropertyValueSpecification","valueRequired":true,"valueName":"search_term_string"}}],"inLanguage":"en-US"},{"@type":"Organization","@id":"https:\/\/gsago.mx\/#organization","name":"Grupo Sago","url":"https:\/\/gsago.mx\/","logo":{"@type":"ImageObject","inLanguage":"en-US","@id":"https:\/\/gsago.mx\/#\/schema\/logo\/image\/","url":"https:\/\/gsago.mx\/wp-content\/uploads\/2022\/08\/logo-black.png","contentUrl":"https:\/\/gsago.mx\/wp-content\/uploads\/2022\/08\/logo-black.png","width":500,"height":240,"caption":"Grupo Sago"},"image":{"@id":"https:\/\/gsago.mx\/#\/schema\/logo\/image\/"}}]}},"_links":{"self":[{"href":"https:\/\/gsago.mx\/en\/wp-json\/wp\/v2\/pages\/22","targetHints":{"allow":["GET"]}}],"collection":[{"href":"https:\/\/gsago.mx\/en\/wp-json\/wp\/v2\/pages"}],"about":[{"href":"https:\/\/gsago.mx\/en\/wp-json\/wp\/v2\/types\/page"}],"author":[{"embeddable":true,"href":"https:\/\/gsago.mx\/en\/wp-json\/wp\/v2\/users\/1"}],"replies":[{"embeddable":true,"href":"https:\/\/gsago.mx\/en\/wp-json\/wp\/v2\/comments?post=22"}],"version-history":[{"count":0,"href":"https:\/\/gsago.mx\/en\/wp-json\/wp\/v2\/pages\/22\/revisions"}],"wp:featuredmedia":[{"embeddable":true,"href":"https:\/\/gsago.mx\/en\/wp-json\/wp\/v2\/media\/981"}],"wp:attachment":[{"href":"https:\/\/gsago.mx\/en\/wp-json\/wp\/v2\/media?parent=22"}],"curies":[{"name":"wp","href":"https:\/\/api.w.org\/{rel}","templated":true}]}}