{"id":27,"date":"2022-08-10T12:29:52","date_gmt":"2022-08-10T17:29:52","guid":{"rendered":"https:\/\/gsago.mx\/?page_id=27"},"modified":"2025-02-12T12:44:12","modified_gmt":"2025-02-12T17:44:12","slug":"servicios","status":"publish","type":"page","link":"https:\/\/gsago.mx\/en\/servicios\/","title":{"rendered":"Services"},"content":{"rendered":"<div data-elementor-type=\"wp-page\" data-elementor-id=\"27\" class=\"elementor elementor-27\" data-elementor-post-type=\"page\">\n\t\t\t\t\t\t<section class=\"elementor-section elementor-top-section elementor-element elementor-element-bfa1c5e ct-section-stretched elementor-section-boxed elementor-section-height-default elementor-section-height-default\" data-id=\"bfa1c5e\" data-element_type=\"section\" data-settings=\"{&quot;background_background&quot;:&quot;classic&quot;}\">\n\t\t\t\t\t\t\t<div class=\"elementor-background-overlay\"><\/div>\n\t\t\t\t\t\t\t<div class=\"elementor-container elementor-column-gap-default\">\n\t\t\t\t\t<div class=\"elementor-column elementor-col-100 elementor-top-column elementor-element elementor-element-f43d355\" data-id=\"f43d355\" data-element_type=\"column\">\n\t\t\t<div class=\"elementor-widget-wrap elementor-element-populated\">\n\t\t\t\t\t\t<div class=\"elementor-element elementor-element-e69c07f elementor-widget elementor-widget-html\" data-id=\"e69c07f\" data-element_type=\"widget\" data-widget_type=\"html.default\">\n\t\t\t\t<div class=\"elementor-widget-container\">\n\t\t\t\t\t<!-- Link Swiper's CSS -->\n<link rel=\"stylesheet\" href=\"https:\/\/cdn.jsdelivr.net\/npm\/swiper\/swiper-bundle.min.css\">\n   \n<!-- Swiper --> \n<div class=\"swiper mySwiper swiper-initialized swiper-horizontal swiper-pointer-events swiper-backface-hidden\">\n \n    <div class=\"swiper-wrapper\" id=\"swiper-wrapper-1b60b5156ba4b010b\" aria-live=\"polite\"\n        style=\"transition-duration: 0ms;\">\n        \n        <div class=\"swiper-slide despacho\" id=\"despacho-button\" > \n            <div class=\"service-info\">\n                <h4>Customs Clearance<\/h4>\n                <a class=\"service-cta\">More Information <object data=\"\/wp-content\/uploads\/2022\/08\/right-arrow.svg\"><\/object><\/a>   \n            <\/div>\n        <\/div>\n\n        <div class=\"swiper-slide logistica\" id=\"logistica-button\">\n            <div class=\"service-info\">\n                <h4>Air, maritime and land logistics<\/h4>\n                <a id=\"despacho-button\" class=\"service-cta\">More Information <object data=\"\/wp-content\/uploads\/2022\/08\/right-arrow.svg\"><\/object><\/a>   \n            <\/div>\n        <\/div>\n\n        <div class=\"swiper-slide almacenamiento\" id=\"almacenamiento-button\">\n            <div class=\"service-info\">\n                <h4>Storage in Goods<\/h4>\n                <a class=\"service-cta\">More Information <object data=\"\/wp-content\/uploads\/2022\/08\/right-arrow.svg\"><\/object><\/a>   \n            <\/div>\n        <\/div>\n\n        <div class=\"swiper-slide asesoria\" id=\"asesoria-button\">\n            <div class=\"service-info\">\n                <h4>Legal advice and foreign trade<\/h4>\n                <a class=\"service-cta\">More Information <object data=\"\/wp-content\/uploads\/2022\/08\/right-arrow.svg\"><\/object><\/a>   \n            <\/div>\n        <\/div>\n            \n    <\/div>\n<\/div>\n<!-- If we need pagination -->\n<div class=\"swiper-pagination\"><\/div>\n<div class=\"swiper-button-prev\"><\/div>\n<div class=\"swiper-button-next\"><\/div>\n\n<!-- Swiper JS -->\n<script src=\"https:\/\/cdn.jsdelivr.net\/npm\/swiper\/swiper-bundle.min.js\"><\/script>\n\n<!-- Initialize Swiper -->\n<script>\n    var swiper = new Swiper(\".mySwiper\", {\n        slidesPerView: 1,\n        spaceBetween: 30,\n        breakpoints: {\n        640: {\n            slidesPerView: 2,\n            spaceBetween: 20,\n        },\n        743: {\n            slidesPerView: 2,\n            spaceBetween: 40,\n        },\n        1025: {\n            slidesPerView: 3,\n            spaceBetween: 60,\n        },\n        pagination: {\n            el: \".swiper-pagination\",\n            clickable: true,\n        },\n        },\n        navigation: {\n            nextEl: '.swiper-button-next',\n            prevEl: '.swiper-button-prev',\n        },\n        loop: true,\n        \/*\n        autoplay: {\n            delay: 5000\n        },\n        *\/\n    });\n<\/script>\t\t\t\t<\/div>\n\t\t\t\t<\/div>\n\t\t\t\t\t<\/div>\n\t\t<\/div>\n\t\t\t\t\t<\/div>\n\t\t<\/section>\n\t\t\t\t<\/div>","protected":false},"excerpt":{"rendered":"<p>Despacho Aduanal M\u00e1s Informaci\u00f3n Log\u00edstica a\u00e9rea, mar\u00edtima y terrestre M\u00e1s Informaci\u00f3n Almacenamiento en mercanc\u00edas M\u00e1s Informaci\u00f3n Asesor\u00eda legal y comercio exterior M\u00e1s Informaci\u00f3n<\/p>","protected":false},"author":1,"featured_media":981,"parent":0,"menu_order":3,"comment_status":"closed","ping_status":"closed","template":"","meta":{"footnotes":""},"class_list":["post-27","page","type-page","status-publish","has-post-thumbnail","hentry"],"blocksy_meta":{"styles_descriptor":{"styles":{"desktop":"","tablet":"","mobile":""},"google_fonts":[],"version":6}},"yoast_head":"<!-- This site is optimized with the Yoast SEO plugin v24.4 - https:\/\/yoast.com\/wordpress\/plugins\/seo\/ -->\n<title>Servicios - Grupo Sago<\/title>\n<meta name=\"description\" content=\"Ofrecemos servicios de asesor\u00eda legal y comercio exterior, despacho aduanal, log\u00edstica a\u00e9rea, mar\u00edtima y terrestre y almacenamiento en mercanc\u00edas.\" \/>\n<meta name=\"robots\" content=\"index, follow, max-snippet:-1, max-image-preview:large, max-video-preview:-1\" \/>\n<link rel=\"canonical\" href=\"https:\/\/gsago.mx\/en\/servicios\/\" \/>\n<meta property=\"og:locale\" content=\"en_US\" \/>\n<meta property=\"og:type\" content=\"article\" \/>\n<meta property=\"og:title\" content=\"Servicios - Grupo Sago\" \/>\n<meta property=\"og:description\" content=\"Ofrecemos servicios de asesor\u00eda legal y comercio exterior, despacho aduanal, log\u00edstica a\u00e9rea, mar\u00edtima y terrestre y almacenamiento en mercanc\u00edas.\" \/>\n<meta property=\"og:url\" content=\"https:\/\/gsago.mx\/en\/servicios\/\" \/>\n<meta property=\"og:site_name\" content=\"Grupo Sago\" \/>\n<meta property=\"article:modified_time\" content=\"2025-02-12T17:44:12+00:00\" \/>\n<meta property=\"og:image\" content=\"https:\/\/gsago.mx\/wp-content\/uploads\/2022\/08\/feautured.png\" \/>\n\t<meta property=\"og:image:width\" content=\"1200\" \/>\n\t<meta property=\"og:image:height\" content=\"1200\" \/>\n\t<meta property=\"og:image:type\" content=\"image\/png\" \/>\n<meta name=\"twitter:card\" content=\"summary_large_image\" \/>\n<meta name=\"twitter:label1\" content=\"Est. reading time\" \/>\n\t<meta name=\"twitter:data1\" content=\"1 minute\" \/>\n<script type=\"application\/ld+json\" class=\"yoast-schema-graph\">{\"@context\":\"https:\/\/schema.org\",\"@graph\":[{\"@type\":\"WebPage\",\"@id\":\"https:\/\/gsago.mx\/servicios\/\",\"url\":\"https:\/\/gsago.mx\/servicios\/\",\"name\":\"Servicios - Grupo Sago\",\"isPartOf\":{\"@id\":\"https:\/\/gsago.mx\/#website\"},\"primaryImageOfPage\":{\"@id\":\"https:\/\/gsago.mx\/servicios\/#primaryimage\"},\"image\":{\"@id\":\"https:\/\/gsago.mx\/servicios\/#primaryimage\"},\"thumbnailUrl\":\"https:\/\/gsago.mx\/wp-content\/uploads\/2022\/08\/feautured.png\",\"datePublished\":\"2022-08-10T17:29:52+00:00\",\"dateModified\":\"2025-02-12T17:44:12+00:00\",\"description\":\"Ofrecemos servicios de asesor\u00eda legal y comercio exterior, despacho aduanal, log\u00edstica a\u00e9rea, mar\u00edtima y terrestre y almacenamiento en mercanc\u00edas.\",\"breadcrumb\":{\"@id\":\"https:\/\/gsago.mx\/servicios\/#breadcrumb\"},\"inLanguage\":\"en-US\",\"potentialAction\":[{\"@type\":\"ReadAction\",\"target\":[\"https:\/\/gsago.mx\/servicios\/\"]}]},{\"@type\":\"ImageObject\",\"inLanguage\":\"en-US\",\"@id\":\"https:\/\/gsago.mx\/servicios\/#primaryimage\",\"url\":\"https:\/\/gsago.mx\/wp-content\/uploads\/2022\/08\/feautured.png\",\"contentUrl\":\"https:\/\/gsago.mx\/wp-content\/uploads\/2022\/08\/feautured.png\",\"width\":1200,\"height\":1200,\"caption\":\"Portada Grupo Sago\"},{\"@type\":\"BreadcrumbList\",\"@id\":\"https:\/\/gsago.mx\/servicios\/#breadcrumb\",\"itemListElement\":[{\"@type\":\"ListItem\",\"position\":1,\"name\":\"Portada\",\"item\":\"https:\/\/gsago.mx\/\"},{\"@type\":\"ListItem\",\"position\":2,\"name\":\"Servicios\"}]},{\"@type\":\"WebSite\",\"@id\":\"https:\/\/gsago.mx\/#website\",\"url\":\"https:\/\/gsago.mx\/\",\"name\":\"Grupo Sago\",\"description\":\"\",\"publisher\":{\"@id\":\"https:\/\/gsago.mx\/#organization\"},\"potentialAction\":[{\"@type\":\"SearchAction\",\"target\":{\"@type\":\"EntryPoint\",\"urlTemplate\":\"https:\/\/gsago.mx\/?s={search_term_string}\"},\"query-input\":{\"@type\":\"PropertyValueSpecification\",\"valueRequired\":true,\"valueName\":\"search_term_string\"}}],\"inLanguage\":\"en-US\"},{\"@type\":\"Organization\",\"@id\":\"https:\/\/gsago.mx\/#organization\",\"name\":\"Grupo Sago\",\"url\":\"https:\/\/gsago.mx\/\",\"logo\":{\"@type\":\"ImageObject\",\"inLanguage\":\"en-US\",\"@id\":\"https:\/\/gsago.mx\/#\/schema\/logo\/image\/\",\"url\":\"https:\/\/gsago.mx\/wp-content\/uploads\/2022\/08\/logo-black.png\",\"contentUrl\":\"https:\/\/gsago.mx\/wp-content\/uploads\/2022\/08\/logo-black.png\",\"width\":500,\"height\":240,\"caption\":\"Grupo Sago\"},\"image\":{\"@id\":\"https:\/\/gsago.mx\/#\/schema\/logo\/image\/\"}}]}<\/script>\n<!-- \/ Yoast SEO plugin. -->","yoast_head_json":{"title":"Servicios - Grupo Sago","description":"Ofrecemos servicios de asesor\u00eda legal y comercio exterior, despacho aduanal, log\u00edstica a\u00e9rea, mar\u00edtima y terrestre y almacenamiento en mercanc\u00edas.","robots":{"index":"index","follow":"follow","max-snippet":"max-snippet:-1","max-image-preview":"max-image-preview:large","max-video-preview":"max-video-preview:-1"},"canonical":"https:\/\/gsago.mx\/en\/servicios\/","og_locale":"en_US","og_type":"article","og_title":"Servicios - Grupo Sago","og_description":"Ofrecemos servicios de asesor\u00eda legal y comercio exterior, despacho aduanal, log\u00edstica a\u00e9rea, mar\u00edtima y terrestre y almacenamiento en mercanc\u00edas.","og_url":"https:\/\/gsago.mx\/en\/servicios\/","og_site_name":"Grupo Sago","article_modified_time":"2025-02-12T17:44:12+00:00","og_image":[{"width":1200,"height":1200,"url":"https:\/\/gsago.mx\/wp-content\/uploads\/2022\/08\/feautured.png","type":"image\/png"}],"twitter_card":"summary_large_image","twitter_misc":{"Est. reading time":"1 minute"},"schema":{"@context":"https:\/\/schema.org","@graph":[{"@type":"WebPage","@id":"https:\/\/gsago.mx\/servicios\/","url":"https:\/\/gsago.mx\/servicios\/","name":"Servicios - Grupo Sago","isPartOf":{"@id":"https:\/\/gsago.mx\/#website"},"primaryImageOfPage":{"@id":"https:\/\/gsago.mx\/servicios\/#primaryimage"},"image":{"@id":"https:\/\/gsago.mx\/servicios\/#primaryimage"},"thumbnailUrl":"https:\/\/gsago.mx\/wp-content\/uploads\/2022\/08\/feautured.png","datePublished":"2022-08-10T17:29:52+00:00","dateModified":"2025-02-12T17:44:12+00:00","description":"Ofrecemos servicios de asesor\u00eda legal y comercio exterior, despacho aduanal, log\u00edstica a\u00e9rea, mar\u00edtima y terrestre y almacenamiento en mercanc\u00edas.","breadcrumb":{"@id":"https:\/\/gsago.mx\/servicios\/#breadcrumb"},"inLanguage":"en-US","potentialAction":[{"@type":"ReadAction","target":["https:\/\/gsago.mx\/servicios\/"]}]},{"@type":"ImageObject","inLanguage":"en-US","@id":"https:\/\/gsago.mx\/servicios\/#primaryimage","url":"https:\/\/gsago.mx\/wp-content\/uploads\/2022\/08\/feautured.png","contentUrl":"https:\/\/gsago.mx\/wp-content\/uploads\/2022\/08\/feautured.png","width":1200,"height":1200,"caption":"Portada Grupo Sago"},{"@type":"BreadcrumbList","@id":"https:\/\/gsago.mx\/servicios\/#breadcrumb","itemListElement":[{"@type":"ListItem","position":1,"name":"Portada","item":"https:\/\/gsago.mx\/"},{"@type":"ListItem","position":2,"name":"Servicios"}]},{"@type":"WebSite","@id":"https:\/\/gsago.mx\/#website","url":"https:\/\/gsago.mx\/","name":"Grupo Sago","description":"","publisher":{"@id":"https:\/\/gsago.mx\/#organization"},"potentialAction":[{"@type":"SearchAction","target":{"@type":"EntryPoint","urlTemplate":"https:\/\/gsago.mx\/?s={search_term_string}"},"query-input":{"@type":"PropertyValueSpecification","valueRequired":true,"valueName":"search_term_string"}}],"inLanguage":"en-US"},{"@type":"Organization","@id":"https:\/\/gsago.mx\/#organization","name":"Grupo Sago","url":"https:\/\/gsago.mx\/","logo":{"@type":"ImageObject","inLanguage":"en-US","@id":"https:\/\/gsago.mx\/#\/schema\/logo\/image\/","url":"https:\/\/gsago.mx\/wp-content\/uploads\/2022\/08\/logo-black.png","contentUrl":"https:\/\/gsago.mx\/wp-content\/uploads\/2022\/08\/logo-black.png","width":500,"height":240,"caption":"Grupo Sago"},"image":{"@id":"https:\/\/gsago.mx\/#\/schema\/logo\/image\/"}}]}},"_links":{"self":[{"href":"https:\/\/gsago.mx\/en\/wp-json\/wp\/v2\/pages\/27","targetHints":{"allow":["GET"]}}],"collection":[{"href":"https:\/\/gsago.mx\/en\/wp-json\/wp\/v2\/pages"}],"about":[{"href":"https:\/\/gsago.mx\/en\/wp-json\/wp\/v2\/types\/page"}],"author":[{"embeddable":true,"href":"https:\/\/gsago.mx\/en\/wp-json\/wp\/v2\/users\/1"}],"replies":[{"embeddable":true,"href":"https:\/\/gsago.mx\/en\/wp-json\/wp\/v2\/comments?post=27"}],"version-history":[{"count":48,"href":"https:\/\/gsago.mx\/en\/wp-json\/wp\/v2\/pages\/27\/revisions"}],"predecessor-version":[{"id":2934,"href":"https:\/\/gsago.mx\/en\/wp-json\/wp\/v2\/pages\/27\/revisions\/2934"}],"wp:featuredmedia":[{"embeddable":true,"href":"https:\/\/gsago.mx\/en\/wp-json\/wp\/v2\/media\/981"}],"wp:attachment":[{"href":"https:\/\/gsago.mx\/en\/wp-json\/wp\/v2\/media?parent=27"}],"curies":[{"name":"wp","href":"https:\/\/api.w.org\/{rel}","templated":true}]}}