{"id":34,"date":"2022-08-10T12:32:03","date_gmt":"2022-08-10T17:32:03","guid":{"rendered":"https:\/\/gsago.mx\/?page_id=34"},"modified":"2022-08-24T16:32:39","modified_gmt":"2022-08-24T21:32:39","slug":"politicas-de-privacidad","status":"publish","type":"page","link":"https:\/\/gsago.mx\/en\/politicas-de-privacidad\/","title":{"rendered":"Privacy Policies"},"content":{"rendered":"<div data-elementor-type=\"wp-page\" data-elementor-id=\"34\" class=\"elementor elementor-34\" data-elementor-post-type=\"page\">\n\t\t\t\t\t\t<section class=\"elementor-section elementor-top-section elementor-element elementor-element-d0a3f0a ct-section-stretched elementor-section-boxed elementor-section-height-default elementor-section-height-default\" data-id=\"d0a3f0a\" data-element_type=\"section\">\n\t\t\t\t\t\t<div class=\"elementor-container elementor-column-gap-default\">\n\t\t\t\t\t<div class=\"elementor-column elementor-col-100 elementor-top-column elementor-element elementor-element-f6a415d\" data-id=\"f6a415d\" data-element_type=\"column\">\n\t\t\t<div class=\"elementor-widget-wrap elementor-element-populated\">\n\t\t\t\t\t\t<div class=\"elementor-element elementor-element-72695d9 elementor-widget elementor-widget-heading\" data-id=\"72695d9\" data-element_type=\"widget\" data-widget_type=\"heading.default\">\n\t\t\t\t<div class=\"elementor-widget-container\">\n\t\t\t\t\t<h2 class=\"elementor-heading-title elementor-size-default\">Privacy Policies <\/h2>\t\t\t\t<\/div>\n\t\t\t\t<\/div>\n\t\t\t\t<div class=\"elementor-element elementor-element-73c2f92 elementor-widget elementor-widget-text-editor\" data-id=\"73c2f92\" data-element_type=\"widget\" data-widget_type=\"text-editor.default\">\n\t\t\t\t<div class=\"elementor-widget-container\">\n\t\t\t\t\t\t\t\t\t<p>SEGUIMIENTO ADMINISTRATIVO Y ADUANAL DEL GOLFO, S.C. is a company dedicated to providing services in foreign trade, our headquarters are located at: Calle Mario Molina\nNo. 465-3 Col. Centro, ZIP 91700 in the city of Veracruz, with phone number: <a href=\"tel:+522292960790\" target=\"_blank\" rel=\"noopener\">(229) 296-0790<\/a>.<\/p><p>In compliance with the provisions of the Federal Law on Protection of Personal Data Held by Private Parties (Law) and the Regulations of the Federal Law on Protection of Personal Data Held by Private Parties (Regulations), you are hereby informed that the data will be collected, processed and\/or used by SEGUIMIENTO ADMINISTRATIVO Y ADUANAL DEL GOLFO, S.C. for the purpose of complying with the obligations arising from the commercial and\/or legal relationship that exists between you as the owner of personal data and our company. Your personal information is for the purpose of:<\/p><ol><li>Provide the services that you have entrusted and\/or requested from our company.<\/li><li>Sending information related to your logistics and\/or foreign trade operations.<\/li><li>Sending information relevant to the provision of our services.<\/li><li>The collection and protection of the information that the Customs Agent requires, in accordance with the provisions of customs legislation.<\/li><li>Any activity that is related to the corporate purpose of the company.<\/li><\/ol><p>You as Holder, or through your representative, have the right to exercise your ARCO rights (access, rectification, cancellation and opposition), to have access to the data that we have, to rectify them if they are inaccurate or incomplete; to cancel them when you consider that they are not necessary for any of the purposes indicated in this privacy notice and to oppose their treatment for specific purposes.<\/p><p>The owner or his representative may submit a request to exercise any right of access, rectification, cancellation and opposition by sending it directly to our offices at the address indicated, addressed to our customer service department or to the email of the executive who assisted you.<\/p><p>SEGUIMIENTO ADMINISTRATIVO Y ADUANAL DEL GOLFO, S.C. will not be obliged to cancel personal data when it comes to the cases provided for in Article 26 of the Law. To exercise your rights, please send a written request to the executive who assisted you, the information that must contain:<\/p><ol><li>The name of the owner and address or other means to communicate the response to your request;<\/li><li>Documents that prove the identity or, where applicable, the legal representation of the owner;<\/li><li>A clear and precise description of the personal data in respect of which you seek to exercise any of the aforementioned rights; and<\/li><li>Any other element or document that facilitates the location of personal data.<\/li><\/ol><p>SEGUIMIENTO ADMINISTRATIVO Y ADUANAL DEL GOLFO, S.C. may interrelate the information you provide with other information that you have voluntarily provided to third parties. The above, in order to comply with Customs, Tax, Foreign Trade Legislation and any other regulation correlated to our performance as customs agents.<\/p><p>SEGUIMIENTO ADMINISTRATIVO Y ADUANAL DEL GOLFO, S.C. informs you of the existence of our Privacy Notice at the time of requesting your personal data. If no comments are received within 15 days, it will be considered that you have given your consent for the processing of your personal data.<\/p><p>Any modification to this Privacy Notice may be consulted by accessing our website. <a href=\"\/en\/politicas-de-privacidad\/\">www.gsago.mx<\/a>.<\/p>\t\t\t\t\t\t\t\t<\/div>\n\t\t\t\t<\/div>\n\t\t\t\t\t<\/div>\n\t\t<\/div>\n\t\t\t\t\t<\/div>\n\t\t<\/section>\n\t\t\t\t<\/div>","protected":false},"excerpt":{"rendered":"<p>Pol\u00edticas de Privacidad SEGUIMIENTO ADMINISTRATIVO Y ADUANAL DEL GOLFO, S.C. es una empresa dedicada a la prestaci\u00f3n de servicios en materia de comercio exterior, nuestras oficinas centrales est\u00e1n ubicadas en: Calle Mario Molina No. 465-3 Col. Centro, C.P. 91700 en la Ciudad de Veracruz, con n\u00famero telef\u00f3nico: (229) 296-0790. En cumplimiento a lo dispuesto en [&hellip;]<\/p>","protected":false},"author":1,"featured_media":981,"parent":0,"menu_order":6,"comment_status":"closed","ping_status":"closed","template":"","meta":{"footnotes":""},"class_list":["post-34","page","type-page","status-publish","has-post-thumbnail","hentry"],"blocksy_meta":{"styles_descriptor":{"styles":{"desktop":"","tablet":"","mobile":""},"google_fonts":[],"version":6}},"yoast_head":"<!-- This site is optimized with the Yoast SEO plugin v24.4 - https:\/\/yoast.com\/wordpress\/plugins\/seo\/ -->\n<title>Pol\u00edticas de Privacidad - Grupo Sago<\/title>\n<meta name=\"robots\" content=\"index, follow, max-snippet:-1, max-image-preview:large, max-video-preview:-1\" \/>\n<link rel=\"canonical\" href=\"https:\/\/gsago.mx\/en\/politicas-de-privacidad\/\" \/>\n<meta property=\"og:locale\" content=\"en_US\" \/>\n<meta property=\"og:type\" content=\"article\" \/>\n<meta property=\"og:title\" content=\"Pol\u00edticas de Privacidad - Grupo Sago\" \/>\n<meta property=\"og:description\" content=\"Pol\u00edticas de Privacidad SEGUIMIENTO ADMINISTRATIVO Y ADUANAL DEL GOLFO, S.C. es una empresa dedicada a la prestaci\u00f3n de servicios en materia de comercio exterior, nuestras oficinas centrales est\u00e1n ubicadas en: Calle Mario Molina No. 465-3 Col. Centro, C.P. 91700 en la Ciudad de Veracruz, con n\u00famero telef\u00f3nico: (229) 296-0790. En cumplimiento a lo dispuesto en [&hellip;]\" \/>\n<meta property=\"og:url\" content=\"https:\/\/gsago.mx\/en\/politicas-de-privacidad\/\" \/>\n<meta property=\"og:site_name\" content=\"Grupo Sago\" \/>\n<meta property=\"article:modified_time\" content=\"2022-08-24T21:32:39+00:00\" \/>\n<meta property=\"og:image\" content=\"https:\/\/gsago.mx\/wp-content\/uploads\/2022\/08\/feautured.png\" \/>\n\t<meta property=\"og:image:width\" content=\"1200\" \/>\n\t<meta property=\"og:image:height\" content=\"1200\" \/>\n\t<meta property=\"og:image:type\" content=\"image\/png\" \/>\n<meta name=\"twitter:card\" content=\"summary_large_image\" \/>\n<meta name=\"twitter:label1\" content=\"Est. reading time\" \/>\n\t<meta name=\"twitter:data1\" content=\"3 minutes\" \/>\n<script type=\"application\/ld+json\" class=\"yoast-schema-graph\">{\"@context\":\"https:\/\/schema.org\",\"@graph\":[{\"@type\":\"WebPage\",\"@id\":\"https:\/\/gsago.mx\/politicas-de-privacidad\/\",\"url\":\"https:\/\/gsago.mx\/politicas-de-privacidad\/\",\"name\":\"Pol\u00edticas de Privacidad - Grupo Sago\",\"isPartOf\":{\"@id\":\"https:\/\/gsago.mx\/#website\"},\"primaryImageOfPage\":{\"@id\":\"https:\/\/gsago.mx\/politicas-de-privacidad\/#primaryimage\"},\"image\":{\"@id\":\"https:\/\/gsago.mx\/politicas-de-privacidad\/#primaryimage\"},\"thumbnailUrl\":\"https:\/\/gsago.mx\/wp-content\/uploads\/2022\/08\/feautured.png\",\"datePublished\":\"2022-08-10T17:32:03+00:00\",\"dateModified\":\"2022-08-24T21:32:39+00:00\",\"breadcrumb\":{\"@id\":\"https:\/\/gsago.mx\/politicas-de-privacidad\/#breadcrumb\"},\"inLanguage\":\"en-US\",\"potentialAction\":[{\"@type\":\"ReadAction\",\"target\":[\"https:\/\/gsago.mx\/politicas-de-privacidad\/\"]}]},{\"@type\":\"ImageObject\",\"inLanguage\":\"en-US\",\"@id\":\"https:\/\/gsago.mx\/politicas-de-privacidad\/#primaryimage\",\"url\":\"https:\/\/gsago.mx\/wp-content\/uploads\/2022\/08\/feautured.png\",\"contentUrl\":\"https:\/\/gsago.mx\/wp-content\/uploads\/2022\/08\/feautured.png\",\"width\":1200,\"height\":1200,\"caption\":\"Portada Grupo Sago\"},{\"@type\":\"BreadcrumbList\",\"@id\":\"https:\/\/gsago.mx\/politicas-de-privacidad\/#breadcrumb\",\"itemListElement\":[{\"@type\":\"ListItem\",\"position\":1,\"name\":\"Portada\",\"item\":\"https:\/\/gsago.mx\/\"},{\"@type\":\"ListItem\",\"position\":2,\"name\":\"Pol\u00edticas de Privacidad\"}]},{\"@type\":\"WebSite\",\"@id\":\"https:\/\/gsago.mx\/#website\",\"url\":\"https:\/\/gsago.mx\/\",\"name\":\"Grupo Sago\",\"description\":\"\",\"publisher\":{\"@id\":\"https:\/\/gsago.mx\/#organization\"},\"potentialAction\":[{\"@type\":\"SearchAction\",\"target\":{\"@type\":\"EntryPoint\",\"urlTemplate\":\"https:\/\/gsago.mx\/?s={search_term_string}\"},\"query-input\":{\"@type\":\"PropertyValueSpecification\",\"valueRequired\":true,\"valueName\":\"search_term_string\"}}],\"inLanguage\":\"en-US\"},{\"@type\":\"Organization\",\"@id\":\"https:\/\/gsago.mx\/#organization\",\"name\":\"Grupo Sago\",\"url\":\"https:\/\/gsago.mx\/\",\"logo\":{\"@type\":\"ImageObject\",\"inLanguage\":\"en-US\",\"@id\":\"https:\/\/gsago.mx\/#\/schema\/logo\/image\/\",\"url\":\"https:\/\/gsago.mx\/wp-content\/uploads\/2022\/08\/logo-black.png\",\"contentUrl\":\"https:\/\/gsago.mx\/wp-content\/uploads\/2022\/08\/logo-black.png\",\"width\":500,\"height\":240,\"caption\":\"Grupo Sago\"},\"image\":{\"@id\":\"https:\/\/gsago.mx\/#\/schema\/logo\/image\/\"}}]}<\/script>\n<!-- \/ Yoast SEO plugin. -->","yoast_head_json":{"title":"Pol\u00edticas de Privacidad - Grupo Sago","robots":{"index":"index","follow":"follow","max-snippet":"max-snippet:-1","max-image-preview":"max-image-preview:large","max-video-preview":"max-video-preview:-1"},"canonical":"https:\/\/gsago.mx\/en\/politicas-de-privacidad\/","og_locale":"en_US","og_type":"article","og_title":"Pol\u00edticas de Privacidad - Grupo Sago","og_description":"Pol\u00edticas de Privacidad SEGUIMIENTO ADMINISTRATIVO Y ADUANAL DEL GOLFO, S.C. es una empresa dedicada a la prestaci\u00f3n de servicios en materia de comercio exterior, nuestras oficinas centrales est\u00e1n ubicadas en: Calle Mario Molina No. 465-3 Col. Centro, C.P. 91700 en la Ciudad de Veracruz, con n\u00famero telef\u00f3nico: (229) 296-0790. En cumplimiento a lo dispuesto en [&hellip;]","og_url":"https:\/\/gsago.mx\/en\/politicas-de-privacidad\/","og_site_name":"Grupo Sago","article_modified_time":"2022-08-24T21:32:39+00:00","og_image":[{"width":1200,"height":1200,"url":"https:\/\/gsago.mx\/wp-content\/uploads\/2022\/08\/feautured.png","type":"image\/png"}],"twitter_card":"summary_large_image","twitter_misc":{"Est. reading time":"3 minutes"},"schema":{"@context":"https:\/\/schema.org","@graph":[{"@type":"WebPage","@id":"https:\/\/gsago.mx\/politicas-de-privacidad\/","url":"https:\/\/gsago.mx\/politicas-de-privacidad\/","name":"Pol\u00edticas de Privacidad - Grupo Sago","isPartOf":{"@id":"https:\/\/gsago.mx\/#website"},"primaryImageOfPage":{"@id":"https:\/\/gsago.mx\/politicas-de-privacidad\/#primaryimage"},"image":{"@id":"https:\/\/gsago.mx\/politicas-de-privacidad\/#primaryimage"},"thumbnailUrl":"https:\/\/gsago.mx\/wp-content\/uploads\/2022\/08\/feautured.png","datePublished":"2022-08-10T17:32:03+00:00","dateModified":"2022-08-24T21:32:39+00:00","breadcrumb":{"@id":"https:\/\/gsago.mx\/politicas-de-privacidad\/#breadcrumb"},"inLanguage":"en-US","potentialAction":[{"@type":"ReadAction","target":["https:\/\/gsago.mx\/politicas-de-privacidad\/"]}]},{"@type":"ImageObject","inLanguage":"en-US","@id":"https:\/\/gsago.mx\/politicas-de-privacidad\/#primaryimage","url":"https:\/\/gsago.mx\/wp-content\/uploads\/2022\/08\/feautured.png","contentUrl":"https:\/\/gsago.mx\/wp-content\/uploads\/2022\/08\/feautured.png","width":1200,"height":1200,"caption":"Portada Grupo Sago"},{"@type":"BreadcrumbList","@id":"https:\/\/gsago.mx\/politicas-de-privacidad\/#breadcrumb","itemListElement":[{"@type":"ListItem","position":1,"name":"Portada","item":"https:\/\/gsago.mx\/"},{"@type":"ListItem","position":2,"name":"Pol\u00edticas de Privacidad"}]},{"@type":"WebSite","@id":"https:\/\/gsago.mx\/#website","url":"https:\/\/gsago.mx\/","name":"Grupo Sago","description":"","publisher":{"@id":"https:\/\/gsago.mx\/#organization"},"potentialAction":[{"@type":"SearchAction","target":{"@type":"EntryPoint","urlTemplate":"https:\/\/gsago.mx\/?s={search_term_string}"},"query-input":{"@type":"PropertyValueSpecification","valueRequired":true,"valueName":"search_term_string"}}],"inLanguage":"en-US"},{"@type":"Organization","@id":"https:\/\/gsago.mx\/#organization","name":"Grupo Sago","url":"https:\/\/gsago.mx\/","logo":{"@type":"ImageObject","inLanguage":"en-US","@id":"https:\/\/gsago.mx\/#\/schema\/logo\/image\/","url":"https:\/\/gsago.mx\/wp-content\/uploads\/2022\/08\/logo-black.png","contentUrl":"https:\/\/gsago.mx\/wp-content\/uploads\/2022\/08\/logo-black.png","width":500,"height":240,"caption":"Grupo Sago"},"image":{"@id":"https:\/\/gsago.mx\/#\/schema\/logo\/image\/"}}]}},"_links":{"self":[{"href":"https:\/\/gsago.mx\/en\/wp-json\/wp\/v2\/pages\/34","targetHints":{"allow":["GET"]}}],"collection":[{"href":"https:\/\/gsago.mx\/en\/wp-json\/wp\/v2\/pages"}],"about":[{"href":"https:\/\/gsago.mx\/en\/wp-json\/wp\/v2\/types\/page"}],"author":[{"embeddable":true,"href":"https:\/\/gsago.mx\/en\/wp-json\/wp\/v2\/users\/1"}],"replies":[{"embeddable":true,"href":"https:\/\/gsago.mx\/en\/wp-json\/wp\/v2\/comments?post=34"}],"version-history":[{"count":0,"href":"https:\/\/gsago.mx\/en\/wp-json\/wp\/v2\/pages\/34\/revisions"}],"wp:featuredmedia":[{"embeddable":true,"href":"https:\/\/gsago.mx\/en\/wp-json\/wp\/v2\/media\/981"}],"wp:attachment":[{"href":"https:\/\/gsago.mx\/en\/wp-json\/wp\/v2\/media?parent=34"}],"curies":[{"name":"wp","href":"https:\/\/api.w.org\/{rel}","templated":true}]}}